{"id":79,"date":"2023-12-05T17:50:05","date_gmt":"2023-12-05T22:50:05","guid":{"rendered":"https:\/\/holaestoyaqui.com\/home\/"},"modified":"2025-02-17T14:49:16","modified_gmt":"2025-02-17T19:49:16","slug":"home","status":"publish","type":"page","link":"https:\/\/holaestoyaqui.com\/en\/","title":{"rendered":"Home"},"content":{"rendered":"<p>\n\t\t\t\t\tWe conquer<br \/>\n\t\t\t\t\t<br \/>the digital world\n\t\t\t\t\t<\/p>\n<p>\t\t\t\t\t<a href=\"https:\/\/holaestoyaqui.com\/en\/contacto\/\"><br \/>\n\t\t\t\t\t\t\t\t\tContact<br \/>\n\t\t\t\t\t<\/a><\/p>\n<h2>\n\t\t\t\t\tWe conquer<br \/>\n\t\t\t\t\t<br \/>the digital world<br \/>\n\t\t\t\t\t<\/h2>\n<p>\t\t\t\t\t<a href=\"https:\/\/holaestoyaqui.com\/en\/contacto\/\"><br \/>\n\t\t\t\t\t\t\t\t\tContact<br \/>\n\t\t\t\t\t<\/a><\/p>\n<h1>\n\t\t\t\t\t\t\tTu Agencia de Marketing Digital<br \/>\n\t\t\t\t\t<\/h1>\n<p>\n\t\t\t\t\t\tEn Hea, entendemos que cada negocio tiene su propia historia \u00fanica, y nos apasiona<br \/>\nayudarte a contarla de la manera m\u00e1s impactante posible. <strong> Somos especialistas en<br \/>\nmarketing digital dedicados a hacer crecer negocios locales,<\/strong>  para ello brindamos un<br \/>\nservicio adaptado a cada cliente y dejar ver aquello que le hace diferente.<br \/>\n<br \/>Como tu agencia de marketing digital, Hea se compromete a <strong> impulsar tu presencia<br \/>\nonline<\/strong>  por medio de <strong> contenido creativo y campa\u00f1as publicitarias <\/strong> efectivas para<br \/>\ngarantizar un impacto digital duradero<strong>  y crecimiento sostenible <\/strong> para tu marca.<br \/>\nDescubre c\u00f3mo podemos potenciar tu presencia en l\u00ednea, aumentar la notoriedad de<br \/>\ntu marca y generar un impacto duradero en el mundo digital.\t\t\t\t\t<\/p>\n<p><strong>Si alguna vez has dicho alguna de las siguientes frases, Hea es tu agencia de marketing:<\/strong><\/p>\n<p>\t\t\t\t\t\t\t\t\u201cNo tengo tiempo para promocionar mi negocio en RRSS\u201d<br \/>\n\t\t\t\t\t\t\tEs el motivo m\u00e1s<br \/>\ncom\u00fan, pero no dejes que la falta de tiempo te haga estancarse, Hea tiene<br \/>\ntiempo para ti<br \/>\n\t\t\t\t\t\t\t\t\u201cMis campa\u00f1as en redes sociales no funcionan como me gustar\u00eda\u201d<br \/>\n\t\t\t\t\t\t\tLa<br \/>\ncompetencia en redes sociales es enorme, debes encontrar estrategias para<br \/>\ndiferenciarte y Hea puede ayudarte<br \/>\n\t\t\t\t\t\t\t\t\u201cNo quiero contratar una empresa que me ofrezca paquetes est\u00e1ndar que no<br \/>\nse adapten a m\u00ed\u201d<br \/>\n\t\t\t\t\t\t\tEn Hea no hay paquetes est\u00e1ndar, aqu\u00ed nos sentamos,<br \/>\nhablamos y creamos juntas algo totalmente personalizado para ti, por eso<br \/>\nsiempre funciona<br \/>\n\t\t\t\t\t\t\t\t\u201cQuiero a alguien que me acompa\u00f1e mano a mano en la promoci\u00f3n de mi<br \/>\nnegocio\u201d<br \/>\n\t\t\t\t\t\t\tCon Hea tendr\u00e1s a alguien al otro lado del tel\u00e9fono para resolver<br \/>\ntus dudas y tus inquietudes, y darle forma a eso que tienes en mente<br \/>\n\t\t\t\t\t\t\t\t\u201cNo s\u00e9 por d\u00f3nde empezar en esto de las redes sociales\u201d<br \/>\n\t\t\t\t\t\t\t(Si esto es as\u00ed,<br \/>\nempieza por clicar en el bot\u00f3n de abajo, y que empiece la magia, a veces las<br \/>\ncosas son m\u00e1s sencillas de lo que imaginamos<br \/>\n\t\t\t\t\t\t\t\t\u201cLas redes sociales se me hacen bola\u201d<br \/>\n\t\t\t\t\t\t\tLa vida es muy corta para perderla<br \/>\nen cosas que no nos gustan, delega esta tarea tan tediosa para ti y acelera tu<br \/>\nnegocio sin sufrir<br \/>\n\t\t\t\t\t\t\t\t\u201cMe gustar\u00eda contratar a una peque\u00f1a empresa y favorecer el negocio local\u201d<br \/>\n\t\t\t\t\t\t\t\u00a1Qu\u00e9 bonito! Las peque\u00f1as peque\u00f1as te agradecemos ese gesto, \u00bfnos<br \/>\napoyamos entre nosotras?<br \/>\n\t\t\t\t\t\t\t\t\u201cQuiero participar en la realizaci\u00f3n de mis campa\u00f1as de publicidad, no quiero<br \/>\nque mi publicidad pierda mi huella\u201d<br \/>\n\t\t\t\t\t\t\tEn Hea, ser\u00e1s todo lo part\u00edcipe que<br \/>\nquieras en tus campa\u00f1as en redes sociales, tu negocio, t\u00fa mandas\t\t\t\t\t\t<\/p>\n<h2>HEA ES MI AGENCIA DE MARKETING<\/h2>\n<h2>services<\/strong><br \/>\nof<br \/>\n<strong> Digital Marketing<\/strong><\/h2>\n<p>\t\t\t\t\t<a href=\"https:\/\/holaestoyaqui.com\/en\/servicios\/\"><br \/>\n\t\t\t\t\t\t\t\t\tExplore<br \/>\n\t\t\t\t\t<\/a><\/p>\n<h2>\u00abEl marketing ya no es sobre las cosas que haces, sino sobre las historias que cuentas.\u00bb <\/h2>\n<h2>Seth Godin<\/h2>\n<ul>\n<li>\n\t\t\t\t\t\t\t<svg aria-hidden=\"true\" viewbox=\"0 0 512 512\" xmlns=\"http:\/\/www.w3.org\/2000\/svg\"><path d=\"M256 8C119 8 8 119 8 256s111 248 248 248 248-111 248-248S393 8 256 8z\"><\/path><\/svg>\n\t\t\t\t\t\t\t\t\t<\/li>\n<li>\n\t\t\t\t\t\t\t\t\t\tour customers\n\t\t\t\t\t\t\t\t\t<\/li>\n<li>\n\t\t\t\t\t\t\t<svg aria-hidden=\"true\" viewbox=\"0 0 512 512\" xmlns=\"http:\/\/www.w3.org\/2000\/svg\"><path d=\"M256 8C119 8 8 119 8 256s111 248 248 248 248-111 248-248S393 8 256 8z\"><\/path><\/svg>\n\t\t\t\t\t\t\t\t\t<\/li>\n<\/ul>\n<p>\t\t\t\t\t\t<font size=\"4\"><em>\u00abTrabajar con Hea ha sido una experiencia transformadora para nuestro negocio. <br \/>Su enfoque personalizado y creativo nos ayud\u00f3 a destacar en un mercado digital saturado.\u00bb<\/em><\/font><\/p>\n<p><center><br \/>\n<strong>Duraci\u00f3n de la campa\u00f1a:<\/strong> x d\u00edas<br \/>\n<br \/>\n<strong>Inversi\u00f3n en publicidad:<\/strong> x \u20ac<br \/>\n<br \/>\n<strong>Resultados obtenidos:<\/strong> x \u20ac facturaci\u00f3n directa\/ % seguidores<br \/>\n<\/center><br \/>\n\t\t\t\t\t\t<img decoding=\"async\" src=\"https:\/\/holaestoyaqui.com\/wp-content\/uploads\/2024\/02\/images.jpeg\" alt=\"Isabel Fern\u00e1ndez Rodr\u00edguez\"><br \/>\n\t\t\t\t\t\t\t\t<cite>Isabel Fernandez Rodriguez<\/cite><br \/>\n\t\t\t\t\t\t<font size=\"4\"><em>\u00abHea no solo comprende el marketing digital, sino que tambi\u00e9n comprende a las personas.<br \/>Su equipo utiliza una visi\u00f3n hol\u00edstica que combina estrategias innovadoras con un toque psicol\u00f3gico.\u00bb<\/em><\/font><\/p>\n<p><center><br \/>\n<strong>Duraci\u00f3n de la campa\u00f1a:<\/strong> x d\u00edas<br \/>\n<br \/>\n<strong>Inversi\u00f3n en publicidad:<\/strong> x \u20ac<br \/>\n<br \/>\n<strong>Resultados obtenidos:<\/strong> x \u20ac facturaci\u00f3n directa\/ % seguidores<br \/>\n<\/center><br \/>\n\t\t\t\t\t\t<img decoding=\"async\" src=\"https:\/\/holaestoyaqui.com\/wp-content\/uploads\/2024\/02\/images-1.jpeg\" alt=\"Alejandro Mart\u00ednez S\u00e1nchez\"><br \/>\n\t\t\t\t\t\t\t\t<cite>Alejandro Martinez Sanchez<\/cite><br \/>\n\t\t\t\t\t\t<font size=\"4\"><em>Han demostrado ser expertos en adaptarse a nuestros cambios y necesidades. La combinaci\u00f3n de profesionalismo  y creatividad hace que trabajar con Hea sea una inversi\u00f3n valiosa para cualquier empresa.\u00bb<\/em><\/font><\/p>\n<p><center><br \/>\n<strong>Duraci\u00f3n de la campa\u00f1a:<\/strong> x d\u00edas<br \/>\n<br \/>\n<strong>Inversi\u00f3n en publicidad:<\/strong> x \u20ac<br \/>\n<br \/>\n<strong>Resultados obtenidos:<\/strong> x \u20ac facturaci\u00f3n directa\/ % seguidores<br \/>\n<\/center><br \/>\n\t\t\t\t\t\t<img decoding=\"async\" src=\"https:\/\/holaestoyaqui.com\/wp-content\/uploads\/2024\/02\/descarga.jpeg\" alt=\"Marta Garc\u00eda L\u00f3pez\"><br \/>\n\t\t\t\t\t\t\t\t<cite>Marta Garc\u00eda L\u00f3pez<\/cite><\/p>","protected":false},"excerpt":{"rendered":"<p>Conquistemos el mundo digital Contacto Conquistemos el mundo digital Contacto Tu Agencia de Marketing Digital En Hea, entendemos que cada negocio tiene su propia historia \u00fanica, y nos apasiona ayudarte a contarla de la manera m\u00e1s impactante posible. Somos especialistas en marketing digital dedicados a hacer crecer negocios locales, para ello brindamos un servicio adaptado [&hellip;]<\/p>","protected":false},"author":2,"featured_media":834,"parent":0,"menu_order":0,"comment_status":"closed","ping_status":"closed","template":"elementor_header_footer","meta":{"footnotes":""},"class_list":["post-79","page","type-page","status-publish","has-post-thumbnail","hentry"],"_links":{"self":[{"href":"https:\/\/holaestoyaqui.com\/en\/wp-json\/wp\/v2\/pages\/79","targetHints":{"allow":["GET"]}}],"collection":[{"href":"https:\/\/holaestoyaqui.com\/en\/wp-json\/wp\/v2\/pages"}],"about":[{"href":"https:\/\/holaestoyaqui.com\/en\/wp-json\/wp\/v2\/types\/page"}],"author":[{"embeddable":true,"href":"https:\/\/holaestoyaqui.com\/en\/wp-json\/wp\/v2\/users\/2"}],"replies":[{"embeddable":true,"href":"https:\/\/holaestoyaqui.com\/en\/wp-json\/wp\/v2\/comments?post=79"}],"version-history":[{"count":569,"href":"https:\/\/holaestoyaqui.com\/en\/wp-json\/wp\/v2\/pages\/79\/revisions"}],"predecessor-version":[{"id":2415,"href":"https:\/\/holaestoyaqui.com\/en\/wp-json\/wp\/v2\/pages\/79\/revisions\/2415"}],"wp:featuredmedia":[{"embeddable":true,"href":"https:\/\/holaestoyaqui.com\/en\/wp-json\/wp\/v2\/media\/834"}],"wp:attachment":[{"href":"https:\/\/holaestoyaqui.com\/en\/wp-json\/wp\/v2\/media?parent=79"}],"curies":[{"name":"wp","href":"https:\/\/api.w.org\/{rel}","templated":true}]}}