{"id":37,"date":"2023-12-05T17:49:58","date_gmt":"2023-12-05T22:49:58","guid":{"rendered":"https:\/\/holaestoyaqui.com\/contact\/"},"modified":"2024-05-17T14:27:52","modified_gmt":"2024-05-17T19:27:52","slug":"contacto","status":"publish","type":"page","link":"https:\/\/holaestoyaqui.com\/en\/contacto\/","title":{"rendered":"Contact"},"content":{"rendered":"<ul>\n<li>\n\t\t\t\t\t\t\t\t\t\t@HEA_HOLAESTOYAQUI\n\t\t\t\t\t\t\t\t\t<\/li>\n<li>\n\t\t\t\t\t\t\t\t\t\t@HEA_HOLAESTOYAQUI\n\t\t\t\t\t\t\t\t\t<\/li>\n<\/ul>\n<h2>QUIERO CONOCERTE<\/h2>\n<p>Otras formas de de decir hola<\/p>\n<p>Correo:<\/p>\n<p>hea@holaestoyaqui.com<\/p>\n<p>Phone:\u00a0<\/p>\n<p>(+34) 619254617<\/p>\n<p>Instagram:<\/p>\n<p>@hea_holaestoyaqui<\/p>\n<p>TU AGENCIA DE MARKETING DIGITAL EN TODA ESPA\u00d1A<\/p>\n<ul>\n<li>Castilla-La Mancha<\/li>\n<li>A Coru\u00f1a<\/li>\n<li>Alicante<\/li>\n<li>Almer\u00eda<\/li>\n<li>Avil\u00e9s<\/li>\n<li>Badajoz<\/li>\n<li>Barcelona<\/li>\n<li>Bilbao<\/li>\n<li>Burgos<\/li>\n<li>C\u00e1ceres<\/li>\n<li>C\u00e1diz<\/li>\n<li>Cartagena<\/li>\n<li>Castell\u00f3n de la Plana<\/li>\n<li>Ciudad Real<\/li>\n<li>C\u00f3rdoba<\/li>\n<li>Cuenca<\/li>\n<li>Elche<\/li>\n<li>El Puerto de Santa Mar\u00eda<\/li>\n<li>Fuengirola<\/li>\n<li>Girona<\/li>\n<li>Granada<\/li>\n<li>Guadalajara<\/li>\n<li>Huelva<\/li>\n<li>Huesca<\/li>\n<li>Ja\u00e9n<\/li>\n<li>Jerez de la Frontera<\/li>\n<li>La Coru\u00f1a<\/li>\n<li>Las Palmas de Gran Canaria<\/li>\n<li>Le\u00f3n<\/li>\n<li>L\u00e9rida<\/li>\n<li>Logro\u00f1o<\/li>\n<li>Lugo<\/li>\n<li>Madrid<\/li>\n<li>M\u00e1laga<\/li>\n<li>Mallorca<\/li>\n<li>Marbella<\/li>\n<li>M\u00e9rida<\/li>\n<li>Murcia<\/li>\n<li>Oviedo<\/li>\n<li>Palencia<\/li>\n<li>Palma de Mallorca<\/li>\n<li>Pamplona<\/li>\n<li>Pontevedra<\/li>\n<li>Pozuelo de Alarc\u00f3n<\/li>\n<li>Salamanca<\/li>\n<li>Santander<\/li>\n<li>San Sebasti\u00e1n<\/li>\n<li>Santa Cruz de Tenerife<\/li>\n<li>Segovia<\/li>\n<li>Sevilla<\/li>\n<li>Soria<\/li>\n<li>Tarragona<\/li>\n<li>Teruel<\/li>\n<li>Toledo<\/li>\n<li>Valencia<\/li>\n<li>Valladolid<\/li>\n<li>Vigo<\/li>\n<li>Vitoria-Gasteiz<\/li>\n<li>Zamora<\/li>\n<\/ul>","protected":false},"excerpt":{"rendered":"<p>@HEA_HOLAESTOYAQUI @HEA_HOLAESTOYAQUI QUIERO CONOCERTE Otras formas de de decir hola Correo: hea@holaestoyaqui.com Tel\u00e9fono:\u00a0 (+34) 619254617 Instagram: @hea_holaestoyaqui TU AGENCIA DE MARKETING DIGITAL EN TODA ESPA\u00d1A Castilla-La Mancha A Coru\u00f1a Alicante Almer\u00eda Avil\u00e9s Badajoz Barcelona Bilbao Burgos C\u00e1ceres C\u00e1diz Cartagena Castell\u00f3n de la Plana Ciudad Real C\u00f3rdoba Cuenca Elche El Puerto de Santa Mar\u00eda Fuengirola Girona [&hellip;]<\/p>","protected":false},"author":2,"featured_media":42,"parent":0,"menu_order":0,"comment_status":"closed","ping_status":"closed","template":"elementor_header_footer","meta":{"footnotes":""},"class_list":["post-37","page","type-page","status-publish","has-post-thumbnail","hentry"],"_links":{"self":[{"href":"https:\/\/holaestoyaqui.com\/en\/wp-json\/wp\/v2\/pages\/37","targetHints":{"allow":["GET"]}}],"collection":[{"href":"https:\/\/holaestoyaqui.com\/en\/wp-json\/wp\/v2\/pages"}],"about":[{"href":"https:\/\/holaestoyaqui.com\/en\/wp-json\/wp\/v2\/types\/page"}],"author":[{"embeddable":true,"href":"https:\/\/holaestoyaqui.com\/en\/wp-json\/wp\/v2\/users\/2"}],"replies":[{"embeddable":true,"href":"https:\/\/holaestoyaqui.com\/en\/wp-json\/wp\/v2\/comments?post=37"}],"version-history":[{"count":230,"href":"https:\/\/holaestoyaqui.com\/en\/wp-json\/wp\/v2\/pages\/37\/revisions"}],"predecessor-version":[{"id":2393,"href":"https:\/\/holaestoyaqui.com\/en\/wp-json\/wp\/v2\/pages\/37\/revisions\/2393"}],"wp:featuredmedia":[{"embeddable":true,"href":"https:\/\/holaestoyaqui.com\/en\/wp-json\/wp\/v2\/media\/42"}],"wp:attachment":[{"href":"https:\/\/holaestoyaqui.com\/en\/wp-json\/wp\/v2\/media?parent=37"}],"curies":[{"name":"wp","href":"https:\/\/api.w.org\/{rel}","templated":true}]}}