{"id":273,"date":"2023-12-06T10:16:55","date_gmt":"2023-12-06T15:16:55","guid":{"rendered":"https:\/\/holaestoyaqui.com\/mi-cuenta\/"},"modified":"2023-12-06T15:55:11","modified_gmt":"2023-12-06T20:55:11","slug":"mi-cuenta","status":"publish","type":"page","link":"https:\/\/holaestoyaqui.com\/en\/mi-cuenta\/","title":{"rendered":"Mi cuenta"},"content":{"rendered":"<style>\/*! elementor - v3.18.0 - 06-12-2023 *\/\n.elementor-heading-title{padding:0;margin:0;line-height:1}.elementor-widget-heading .elementor-heading-title[class*=elementor-size-]>a{color:inherit;font-size:inherit;line-height:inherit}.elementor-widget-heading .elementor-heading-title.elementor-size-small{font-size:15px}.elementor-widget-heading .elementor-heading-title.elementor-size-medium{font-size:19px}.elementor-widget-heading .elementor-heading-title.elementor-size-large{font-size:29px}.elementor-widget-heading .elementor-heading-title.elementor-size-xl{font-size:39px}.elementor-widget-heading .elementor-heading-title.elementor-size-xxl{font-size:59px}<\/style>\n<h2>Mi cuenta<\/h2>\n<link rel=\"stylesheet\" href=\"https:\/\/holaestoyaqui.com\/wp-content\/plugins\/elementor-pro\/assets\/css\/widget-woocommerce.min.css\">\t\t\t[[woocommerce_my_account]]<\/p>\n<nav>\n<ul>\n<li>\n\t\t\t\t<a href=\"https:\/\/holaestoyaqui.com\/en\/mi-cuenta\/\">Escritorio<\/a>\n\t\t\t<\/li>\n<li>\n\t\t\t\t<a href=\"https:\/\/holaestoyaqui.com\/en\/mi-cuenta\/orders\/\">Pedidos<\/a>\n\t\t\t<\/li>\n<li>\n\t\t\t\t<a href=\"https:\/\/holaestoyaqui.com\/en\/mi-cuenta\/edit-address\/\">Direcciones<\/a>\n\t\t\t<\/li>\n<li>\n\t\t\t\t<a href=\"https:\/\/holaestoyaqui.com\/en\/mi-cuenta\/edit-account\/\">Detalles de la cuenta<\/a>\n\t\t\t<\/li>\n<li>\n\t\t\t\t<a href=\"https:\/\/holaestoyaqui.com\/en\/mi-cuenta\/customer-logout\/?elementor_wc_logout=true&#038;elementor_my_account_redirect=https%3A%2F%2Fholaestoyaqui.com%2Fmi-cuenta%2F&#038;_wpnonce=8c316a0ae3\">Cerrar sesi\u00f3n<\/a>\n\t\t\t<\/li>\n<\/ul>\n<\/nav>\n<p>\n\tHola <strong>helen_mcm<\/strong> (\u00bfno eres <strong>helen_mcm<\/strong>? <a href=\"https:\/\/holaestoyaqui.com\/en\/mi-cuenta\/customer-logout\/?elementor_wc_logout=true&#038;elementor_my_account_redirect=https%3A%2F%2Fholaestoyaqui.com%2Fmi-cuenta%2F&#038;_wpnonce=8c316a0ae3\">Cerrar sesi\u00f3n<\/a>)<\/p>\n<p>\n\tDesde el escritorio de tu cuenta puedes ver tus <a href=\"https:\/\/holaestoyaqui.com\/en\/mi-cuenta\/orders\/\">pedidos recientes<\/a>, gestionar tus <a href=\"https:\/\/holaestoyaqui.com\/en\/mi-cuenta\/edit-address\/\">direcciones de env\u00edo y facturaci\u00f3n<\/a> y <a href=\"https:\/\/holaestoyaqui.com\/en\/mi-cuenta\/edit-account\/\">editar tu contrase\u00f1a y los detalles de tu cuenta<\/a>.<\/p>","protected":false},"excerpt":{"rendered":"<p>Mi cuenta [[woocommerce_my_account]] Escritorio Pedidos Direcciones Detalles de la cuenta Cerrar sesi\u00f3n Hola helen_mcm (\u00bfno eres helen_mcm? Cerrar sesi\u00f3n) Desde el escritorio de tu cuenta puedes ver tus pedidos recientes, gestionar tus direcciones de env\u00edo y facturaci\u00f3n y editar tu contrase\u00f1a y los detalles de tu cuenta.<\/p>","protected":false},"author":2,"featured_media":0,"parent":0,"menu_order":0,"comment_status":"closed","ping_status":"closed","template":"","meta":{"footnotes":""},"class_list":["post-273","page","type-page","status-publish","hentry"],"_links":{"self":[{"href":"https:\/\/holaestoyaqui.com\/en\/wp-json\/wp\/v2\/pages\/273","targetHints":{"allow":["GET"]}}],"collection":[{"href":"https:\/\/holaestoyaqui.com\/en\/wp-json\/wp\/v2\/pages"}],"about":[{"href":"https:\/\/holaestoyaqui.com\/en\/wp-json\/wp\/v2\/types\/page"}],"author":[{"embeddable":true,"href":"https:\/\/holaestoyaqui.com\/en\/wp-json\/wp\/v2\/users\/2"}],"replies":[{"embeddable":true,"href":"https:\/\/holaestoyaqui.com\/en\/wp-json\/wp\/v2\/comments?post=273"}],"version-history":[{"count":30,"href":"https:\/\/holaestoyaqui.com\/en\/wp-json\/wp\/v2\/pages\/273\/revisions"}],"predecessor-version":[{"id":591,"href":"https:\/\/holaestoyaqui.com\/en\/wp-json\/wp\/v2\/pages\/273\/revisions\/591"}],"wp:attachment":[{"href":"https:\/\/holaestoyaqui.com\/en\/wp-json\/wp\/v2\/media?parent=273"}],"curies":[{"name":"wp","href":"https:\/\/api.w.org\/{rel}","templated":true}]}}