{"id":272,"date":"2023-12-06T10:16:55","date_gmt":"2023-12-06T15:16:55","guid":{"rendered":"https:\/\/holaestoyaqui.com\/finalizar-compra\/"},"modified":"2023-12-06T15:38:31","modified_gmt":"2023-12-06T20:38:31","slug":"finalizar-compra","status":"publish","type":"page","link":"https:\/\/holaestoyaqui.com\/en\/carrito\/finalizar-compra\/","title":{"rendered":"Finalizar compra"},"content":{"rendered":"<style>\/*! elementor - v3.18.0 - 06-12-2023 *\/<br \/>.elementor-heading-title{padding:0;margin:0;line-height:1}.elementor-widget-heading .elementor-heading-title[class*=elementor-size-]>a{color:inherit;font-size:inherit;line-height:inherit}.elementor-widget-heading .elementor-heading-title.elementor-size-small{font-size:15px}.elementor-widget-heading .elementor-heading-title.elementor-size-medium{font-size:19px}.elementor-widget-heading .elementor-heading-title.elementor-size-large{font-size:29px}.elementor-widget-heading .elementor-heading-title.elementor-size-xl{font-size:39px}.elementor-widget-heading .elementor-heading-title.elementor-size-xxl{font-size:59px}<\/style>\n<h2>Finalizar Compra<\/h2>\n<p>&nbsp;<\/p>\n<form action=\"https:\/\/holaestoyaqui.com\/en\/finalizar-compra\/\" enctype=\"multipart\/form-data\" method=\"post\" name=\"checkout\" data-trp-original-action=\"https:\/\/holaestoyaqui.com\/finalizar-compra\/\"><!--open container--><br \/>\n<!--open column-1--><\/p>\n<h3>Detalles de facturaci\u00f3n<\/h3>\n<p id=\"billing_first_name_field\" data-priority=\"10\"><label for=\"billing_first_name\">Nombre\u00a0<abbr title=\"obligatorio\">*<\/abbr><\/label><input id=\"billing_first_name\" autocomplete=\"given-name\" name=\"billing_first_name\" type=\"text\" value=\"\" placeholder=\"Nombre\" \/><\/p>\n<p id=\"billing_last_name_field\" data-priority=\"20\"><label for=\"billing_last_name\">Apellido\u00a0<abbr title=\"obligatorio\">*<\/abbr><\/label><input id=\"billing_last_name\" autocomplete=\"family-name\" name=\"billing_last_name\" type=\"text\" value=\"\" placeholder=\"Apellido\" \/><\/p>\n<p id=\"billing_company_field\" data-priority=\"30\"><label for=\"billing_company\">Nombre de la empresa\u00a0(opcional)<\/label><input id=\"billing_company\" autocomplete=\"organization\" name=\"billing_company\" type=\"text\" value=\"\" placeholder=\"Nombre de la empresa\" \/><\/p>\n<p id=\"billing_country_field\" data-priority=\"40\"><label for=\"billing_country\">Pa\u00eds \/ Regi\u00f3n\u00a0<abbr title=\"obligatorio\">*<\/abbr><\/label><select id=\"billing_country\" name=\"billing_country\" data-placeholder=\"Selecciona un pa\u00eds\/regi\u00f3n\u2026\" data-label=\"Pa\u00eds \/ Regi\u00f3n\"><option value=\"\">Selecciona un pa\u00eds\/regi\u00f3n\u2026<\/option><option value=\"AF\">Afganist\u00e1n<\/option><option value=\"AL\">Albania<\/option><option value=\"DE\">Alemania<\/option><option value=\"AD\">Andorra<\/option><option value=\"AO\">Angola<\/option><option value=\"AI\">Anguilla<\/option><option value=\"AQ\">Ant\u00e1rtida<\/option><option value=\"AG\">Antigua y Barbuda<\/option><option value=\"SA\">Arabia Saudita<\/option><option value=\"DZ\">Argelia<\/option><option value=\"AR\">Argentina<\/option><option value=\"AM\">Armenia<\/option><option value=\"AW\">Aruba<\/option><option value=\"AU\">Australia<\/option><option value=\"AT\">Austria<\/option><option value=\"AZ\">Azerbaijan<\/option><option value=\"BS\">Bahamas<\/option><option value=\"BH\">Bahrain<\/option><option value=\"BD\">Bangladesh<\/option><option value=\"BB\">Barbados<\/option><option value=\"PW\">Belau<\/option><option value=\"BE\">B\u00e9lgica<\/option><option value=\"BZ\">Belize<\/option><option value=\"BJ\">Benin<\/option><option value=\"BM\">Bermuda<\/option><option value=\"BT\">Bhutan<\/option><option value=\"BY\">Bielorrusia<\/option><option value=\"MM\">Birmania<\/option><option value=\"BO\">Bolivia<\/option><option value=\"BQ\">Bonaire, San Eustaquio y Saba<\/option><option value=\"BA\">Bosnia y Herzegovina<\/option><option value=\"BW\">Botswana<\/option><option value=\"BR\">Brasil<\/option><option value=\"BN\">Brun\u00e9i<\/option><option value=\"BG\">Bulgaria<\/option><option value=\"BF\">Burkina Faso<\/option><option value=\"BI\">Burundi<\/option><option value=\"CV\">Cabo Verde<\/option><option value=\"KH\">Camboya<\/option><option value=\"CM\">Camer\u00fan<\/option><option value=\"CA\">Canad\u00e1<\/option><option value=\"TD\">Chad<\/option><option value=\"CL\">Chile<\/option><option value=\"CN\">China<\/option><option value=\"CY\">Chipre<\/option><option value=\"VA\">Ciudad del Vaticano<\/option><option value=\"CO\">Colombia<\/option><option value=\"KM\">Comoras<\/option><option value=\"CG\">Congo (Brazzaville)<\/option><option value=\"CD\">Congo (Kinshasa)<\/option><option value=\"KP\">Corea del Norte<\/option><option value=\"KR\">Corea del Sur<\/option><option value=\"CI\">Costa de Marfil<\/option><option value=\"CR\">Costa Rica<\/option><option value=\"HR\">Croacia<\/option><option value=\"CU\">Cuba<\/option><option value=\"CW\">Cura\u00e7ao<\/option><option value=\"DK\">Dinamarca<\/option><option value=\"DJ\">Djibouti<\/option><option value=\"DM\">Dominica<\/option><option value=\"EC\">Ecuador<\/option><option value=\"EG\">Egipto<\/option><option value=\"SV\">El Salvador<\/option><option value=\"AE\">Emiratos \u00c1rabes Unidos<\/option><option value=\"ER\">Eritrea<\/option><option value=\"SK\">Eslovaquia<\/option><option value=\"SI\">Eslovenia<\/option><option value=\"ES\">Espa\u00f1a<\/option><option selected=\"selected\" value=\"US\">Estados Unidos (EEUU)<\/option><option value=\"EE\">Estonia<\/option><option value=\"SZ\">Eswatini<\/option><option value=\"ET\">Etiop\u00eda<\/option><option value=\"PH\">Filipinas<\/option><option value=\"FI\">Finlandia<\/option><option value=\"FJ\">Fiyi<\/option><option value=\"FR\">Francia<\/option><option value=\"GA\">Gab\u00f3n<\/option><option value=\"GM\">Gambia<\/option><option value=\"GE\">Georgia<\/option><option value=\"GH\">Ghana<\/option><option value=\"GI\">Gibraltar<\/option><option value=\"GD\">Granada<\/option><option value=\"GR\">Grecia<\/option><option value=\"GL\">Groenlandia<\/option><option value=\"GP\">Guadalupe<\/option><option value=\"GU\">Guam<\/option><option value=\"GT\">Guatemala<\/option><option value=\"GF\">Guayana Francesa<\/option><option value=\"GG\">Guernsey<\/option><option value=\"GN\">Guinea<\/option><option value=\"GQ\">Guinea Ecuatorial<\/option><option value=\"GW\">Guinea-Bis\u00e1u<\/option><option value=\"GY\">Guyana<\/option><option value=\"HT\">Hait\u00ed<\/option><option value=\"HN\">Honduras<\/option><option value=\"HK\">Hong Kong<\/option><option value=\"HU\">Hungr\u00eda<\/option><option value=\"IN\">India<\/option><option value=\"ID\">Indonesia<\/option><option value=\"IQ\">Irak<\/option><option value=\"IR\">Ir\u00e1n<\/option><option value=\"IE\">Irlanda<\/option><option value=\"BV\">Isla Bouvet<\/option><option value=\"IM\">Isla de Man<\/option><option value=\"CX\">Isla de Navidad<\/option><option value=\"NF\">Isla Norfolk<\/option><option value=\"SH\">Isla Santa Elena<\/option><option value=\"IS\">Islandia<\/option><option value=\"AX\">Islas \u00c5land<\/option><option value=\"KY\">Islas Caim\u00e1n<\/option><option value=\"CC\">Islas Cocos<\/option><option value=\"CK\">Islas Cook<\/option><option value=\"UM\">Islas de ultramar menores de Estados Unidos (EEUU)<\/option><option value=\"FO\">Islas Feroe<\/option><option value=\"GS\">Islas Georgias y Sandwich del Sur<\/option><option value=\"HM\">Islas Heard y McDonald<\/option><option value=\"FK\">Islas Malvinas<\/option><option value=\"MP\">Islas Marianas del Norte<\/option><option value=\"MH\">Islas Marshall<\/option><option value=\"SB\">Islas Salom\u00f3n<\/option><option value=\"TC\">Islas Turcas y Caicos<\/option><option value=\"VG\">Islas V\u00edrgenes (Brit\u00e1nicas)<\/option><option value=\"VI\">Islas V\u00edrgenes (EEUU)<\/option><option value=\"IL\">Israel<\/option><option value=\"IT\">Italia<\/option><option value=\"JM\">Jamaica<\/option><option value=\"JP\">Jap\u00f3n<\/option><option value=\"JE\">Jersey<\/option><option value=\"JO\">Jordania<\/option><option value=\"KZ\">Kazajist\u00e1n<\/option><option value=\"KE\">Kenia<\/option><option value=\"KG\">Kirguist\u00e1n<\/option><option value=\"KI\">Kiribati<\/option><option value=\"KW\">Kuwait<\/option><option value=\"LA\">Laos<\/option><option value=\"LS\">Lesoto<\/option><option value=\"LV\">Letonia<\/option><option value=\"LB\">L\u00edbano<\/option><option value=\"LR\">Liberia<\/option><option value=\"LY\">Libia<\/option><option value=\"LI\">Liechtenstein<\/option><option value=\"LT\">Lituania<\/option><option value=\"LU\">Luxemburgo<\/option><option value=\"MO\">Macao<\/option><option value=\"MK\">Macedonia del Norte<\/option><option value=\"MG\">Madagascar<\/option><option value=\"MY\">Malasia<\/option><option value=\"MW\">Malaui<\/option><option value=\"MV\">Maldivas<\/option><option value=\"ML\">Mal\u00ed<\/option><option value=\"MT\">Malta<\/option><option value=\"MA\">Marruecos<\/option><option value=\"MQ\">Martinica<\/option><option value=\"MU\">Mauricio<\/option><option value=\"MR\">Mauritania<\/option><option value=\"YT\">Mayotte<\/option><option value=\"MX\">M\u00e9xico<\/option><option value=\"FM\">Micronesia<\/option><option value=\"MD\">Moldavia<\/option><option value=\"MC\">M\u00f3naco<\/option><option value=\"MN\">Mongolia<\/option><option value=\"ME\">Montenegro<\/option><option value=\"MS\">Montserrat<\/option><option value=\"MZ\">Mozambique<\/option><option value=\"NA\">Namibia<\/option><option value=\"NR\">Nauru<\/option><option value=\"NP\">Nepal<\/option><option value=\"NI\">Nicaragua<\/option><option value=\"NE\">N\u00edger<\/option><option value=\"NG\">Nigeria<\/option><option value=\"NU\">Niue<\/option><option value=\"NO\">Noruega<\/option><option value=\"NC\">Nueva Caledonia<\/option><option value=\"NZ\">Nueva Zelanda<\/option><option value=\"OM\">Om\u00e1n<\/option><option value=\"NL\">Pa\u00edses Bajos<\/option><option value=\"PK\">Pakist\u00e1n<\/option><option value=\"PA\">Panam\u00e1<\/option><option value=\"PG\">Pap\u00faa Nueva Guinea<\/option><option value=\"PY\">Paraguay<\/option><option value=\"PE\">Per\u00fa<\/option><option value=\"PN\">Pitcairn<\/option><option value=\"PF\">Polinesia Francesa<\/option><option value=\"PL\">Polonia<\/option><option value=\"PT\">Portugal<\/option><option value=\"PR\">Puerto Rico<\/option><option value=\"QA\">Qatar<\/option><option value=\"GB\">Reino Unido (UK)<\/option><option value=\"CF\">Rep\u00fablica Centroafricana<\/option><option value=\"CZ\">Rep\u00fablica Checa<\/option><option value=\"DO\">Rep\u00fablica Dominicana<\/option><option value=\"RE\">Reuni\u00f3n<\/option><option value=\"RW\">Ruanda<\/option><option value=\"RO\">Rumania<\/option><option value=\"RU\">Rusia<\/option><option value=\"EH\">Sahara Occidental<\/option><option value=\"WS\">Samoa<\/option><option value=\"AS\">Samoa Americana<\/option><option value=\"BL\">San Bartolom\u00e9<\/option><option value=\"KN\">San Crist\u00f3bal y Nieves<\/option><option value=\"SM\">San Marino<\/option><option value=\"MF\">San Mart\u00edn (parte de Francia)<\/option><option value=\"SX\">San Mart\u00edn (parte de Holanda)<\/option><option value=\"PM\">San Pedro y Miquel\u00f3n<\/option><option value=\"VC\">San Vicente y las Granadinas<\/option><option value=\"LC\">Santa Luc\u00eda<\/option><option value=\"ST\">Santo Tom\u00e9 y Pr\u00edncipe<\/option><option value=\"SN\">Senegal<\/option><option value=\"RS\">Serbia<\/option><option value=\"SC\">Seychelles<\/option><option value=\"SL\">Sierra Leona<\/option><option value=\"SG\">Singapur<\/option><option value=\"SY\">Siria<\/option><option value=\"SO\">Somalia<\/option><option value=\"LK\">Sri Lanka<\/option><option value=\"ZA\">Sud\u00e1frica<\/option><option value=\"SD\">Sud\u00e1n<\/option><option value=\"SS\">Sud\u00e1n del Sur<\/option><option value=\"SE\">Suecia<\/option><option value=\"CH\">Suiza<\/option><option value=\"SR\">Surinam<\/option><option value=\"SJ\">Svalbard y Jan Mayen<\/option><option value=\"TH\">Tailandia<\/option><option value=\"TW\">Taiw\u00e1n<\/option><option value=\"TZ\">Tanzania<\/option><option value=\"TJ\">Tayikist\u00e1n<\/option><option value=\"IO\">Territorio Brit\u00e1nico del Oc\u00e9ano \u00cdndico<\/option><option value=\"TF\">Territorios australes franceses<\/option><option value=\"PS\">Territorios Palestinos<\/option><option value=\"TL\">Timor Oriental<\/option><option value=\"TG\">Togo<\/option><option value=\"TK\">Tokelau<\/option><option value=\"TO\">Tonga<\/option><option value=\"TT\">Trinidad y Tobago<\/option><option value=\"TN\">T\u00fanez<\/option><option value=\"TM\">Turkmenist\u00e1n<\/option><option value=\"TR\">Turqu\u00eda<\/option><option value=\"TV\">Tuvalu<\/option><option value=\"UA\">Ucrania<\/option><option value=\"UG\">Uganda<\/option><option value=\"UY\">Uruguay<\/option><option value=\"UZ\">Uzbekist\u00e1n<\/option><option value=\"VU\">Vanuatu<\/option><option value=\"VE\">Venezuela<\/option><option value=\"VN\">Vietnam<\/option><option value=\"WF\">Wallis y Futuna<\/option><option value=\"YE\">Yemen<\/option><option value=\"ZM\">Zambia<\/option><option value=\"ZW\">Zimbabue<\/option><\/select><noscript><button type=\"submit\" name=\"woocommerce_checkout_update_totals\" value=\"Actualizar pa\u00eds\/regi\u00f3n\">Actualizar pa\u00eds\/regi\u00f3n<\/button><\/noscript><\/p>\n<p id=\"billing_address_1_field\" data-priority=\"50\"><label for=\"billing_address_1\">Direcci\u00f3n de la calle\u00a0<abbr title=\"obligatorio\">*<\/abbr><\/label><input id=\"billing_address_1\" autocomplete=\"address-line1\" name=\"billing_address_1\" type=\"text\" value=\"\" placeholder=\"N\u00famero de la casa y nombre de la calle\" \/><\/p>\n<p id=\"billing_address_2_field\" data-priority=\"60\"><label for=\"billing_address_2\">Apartamento, habitaci\u00f3n, escalera, etc.\u00a0(opcional)<\/label><input id=\"billing_address_2\" autocomplete=\"address-line2\" name=\"billing_address_2\" type=\"text\" value=\"\" placeholder=\"Apartamento, habitaci\u00f3n, etc. (opcional)\" \/><\/p>\n<p id=\"billing_city_field\" data-priority=\"70\"><label for=\"billing_city\">Localidad \/ Ciudad\u00a0<abbr title=\"obligatorio\">*<\/abbr><\/label><input id=\"billing_city\" autocomplete=\"address-level2\" name=\"billing_city\" type=\"text\" value=\"\" placeholder=\"\" \/><\/p>\n<p id=\"billing_state_field\" data-priority=\"80\"><label for=\"billing_state\">Provincia\u00a0<abbr title=\"obligatorio\">*<\/abbr><\/label><select id=\"billing_state\" name=\"billing_state\" data-placeholder=\"Elige una opci\u00f3n\u2026\" data-input-classes=\"\" data-label=\"Provincia\"><option value=\"\">Elige una opci\u00f3n\u2026<\/option><option value=\"AL\">Alabama<\/option><option value=\"AK\">Alaska<\/option><option value=\"AZ\">Arizona<\/option><option value=\"AR\">Arkansas<\/option><option selected=\"selected\" value=\"CA\">California<\/option><option value=\"CO\">Colorado<\/option><option value=\"CT\">Connecticut<\/option><option value=\"DE\">Delaware<\/option><option value=\"DC\">District Of Columbia<\/option><option value=\"FL\">Florida<\/option><option value=\"GA\">Georgia<\/option><option value=\"HI\">Hawaii<\/option><option value=\"ID\">Idaho<\/option><option value=\"IL\">Illinois<\/option><option value=\"IN\">Indiana<\/option><option value=\"IA\">Iowa<\/option><option value=\"KS\">Kansas<\/option><option value=\"KY\">Kentucky<\/option><option value=\"LA\">Louisiana<\/option><option value=\"ME\">Maine<\/option><option value=\"MD\">Maryland<\/option><option value=\"MA\">Massachusetts<\/option><option value=\"MI\">Michigan<\/option><option value=\"MN\">Minnesota<\/option><option value=\"MS\">Mississippi<\/option><option value=\"MO\">Missouri<\/option><option value=\"MT\">Montana<\/option><option value=\"NE\">Nebraska<\/option><option value=\"NV\">Nevada<\/option><option value=\"NH\">New Hampshire<\/option><option value=\"NJ\">New Jersey<\/option><option value=\"NM\">New Mexico<\/option><option value=\"NY\">New York<\/option><option value=\"NC\">North Carolina<\/option><option value=\"ND\">North Dakota<\/option><option value=\"OH\">Ohio<\/option><option value=\"OK\">Oklahoma<\/option><option value=\"OR\">Oreg\u00f3n<\/option><option value=\"PA\">Pennsylvania<\/option><option value=\"RI\">Rhode Island<\/option><option value=\"SC\">South Carolina<\/option><option value=\"SD\">South Dakota<\/option><option value=\"TN\">Tennessee<\/option><option value=\"TX\">Texas<\/option><option value=\"UT\">Utah<\/option><option value=\"VT\">Vermont<\/option><option value=\"VA\">Virginia<\/option><option value=\"WA\">Washington<\/option><option value=\"WV\">West Virginia<\/option><option value=\"WI\">Wisconsin<\/option><option value=\"WY\">Wyoming<\/option><option value=\"AA\">Fuerzas Armadas (AA)<\/option><option value=\"AE\">Fuerzas Armadas US<\/option><option value=\"AP\">Fuerzas Armadas US<\/option><\/select><\/p>\n<p id=\"billing_postcode_field\" data-priority=\"90\"><label for=\"billing_postcode\">C\u00f3digo postal\u00a0<abbr title=\"obligatorio\">*<\/abbr><\/label><input id=\"billing_postcode\" autocomplete=\"postal-code\" name=\"billing_postcode\" type=\"text\" value=\"\" placeholder=\"\" \/><\/p>\n<p id=\"billing_phone_field\" data-priority=\"100\"><label for=\"billing_phone\">Tel\u00e9fono \u00a0<abbr title=\"obligatorio\">*<\/abbr><\/label><input id=\"billing_phone\" autocomplete=\"tel\" name=\"billing_phone\" type=\"tel\" value=\"\" placeholder=\"Tel\u00e9fono\" \/><\/p>\n<p id=\"billing_email_field\" data-priority=\"110\"><label for=\"billing_email\">Correo electr\u00f3nico \u00a0<abbr title=\"obligatorio\">*<\/abbr><\/label><input id=\"billing_email\" autocomplete=\"email username\" name=\"billing_email\" type=\"email\" value=\"h.companioni@mycodedmind.com\" placeholder=\"Correo electr\u00f3nico \" \/><\/p>\n<h3><\/h3>\n<p id=\"order_comments_field\" data-priority=\"\"><label for=\"order_comments\">Nota del pedido\u00a0(opcional)<\/label><textarea id=\"order_comments\" cols=\"5\" name=\"order_comments\" rows=\"2\" placeholder=\"Nota sobre tu pedido\"><\/textarea><\/p>\n<p><!--close column-1--><br \/>\n<!--open column-2--><br \/>\n<!--open column-inner--><br \/>\n<!--open order_review--><\/p>\n<h3 id=\"order_review_heading\">Tu pedido<\/h3>\n<table>\n<thead>\n<tr>\n<th>Producto<\/th>\n<th>Subtotal<\/th>\n<\/tr>\n<\/thead>\n<tbody>\n<tr>\n<td>Miel milflores\u00a0 <strong>\u00d7\u00a01<\/strong><\/td>\n<td><bdi>10,00\u00a0\u20ac<\/bdi><\/td>\n<\/tr>\n<tr>\n<td>Miel Lavanda\u00a0 <strong>\u00d7\u00a01<\/strong><\/td>\n<td><bdi>10,00\u00a0\u20ac<\/bdi><\/td>\n<\/tr>\n<\/tbody>\n<tfoot>\n<tr>\n<th>Subtotal<\/th>\n<td><bdi>20,00\u00a0\u20ac<\/bdi><\/td>\n<\/tr>\n<tr>\n<th>Total<\/th>\n<td><strong><bdi>20,00\u00a0\u20ac<\/bdi><\/strong><\/td>\n<\/tr>\n<\/tfoot>\n<\/table>\n<p><!--close wc_order_review--><br \/>\n<!--close order_review--><\/p>\n<p>\u00bfTiene un cup\u00f3n? <a href=\"#\">Haga clic aqu\u00ed para introducir su c\u00f3digo de cup\u00f3n<\/a><\/p>\n<p><label>If you have a coupon code, please apply it below.<\/label><br \/>\n<input id=\"coupon_code\" name=\"coupon_code\" type=\"text\" value=\"\" placeholder=\"Coupon code\" \/><br \/>\n<button name=\"apply_coupon\" type=\"submit\">Apply<\/button><br \/>\n<!--reopen wc_order_review-2--><\/p>\n<ul>\n<li><input id=\"payment_method_cod\" checked=\"checked\" name=\"payment_method\" type=\"radio\" value=\"cod\" data-order_button_text=\"\" \/><br \/>\n<label for=\"payment_method_cod\"><br \/>\nContra reembolso <\/label>Paga en efectivo en el momento de la entrega.<\/li>\n<\/ul>\n<p><noscript><br \/>\nDebido a que tu navegador no es compatible con JavaScript o lo tiene desactivado, por favor, aseg\u00farate de hacer clic en el bot\u00f3n <em>Actualizar totales<\/em> antes de realizar tu pedido. De no hacerlo, se te podr\u00eda cobrar m\u00e1s de la cantidad indicada arriba.<br \/>\n<button type=\"submit\" name=\"woocommerce_checkout_update_totals\" value=\"Actualizar totales\">Actualizar totales<\/button><br \/>\n<\/noscript><\/p>\n<p>Tus datos personales se utilizar\u00e1n para procesar tu pedido, mejorar tu experiencia en esta web y otros prop\u00f3sitos descritos en nuestra <a href=\"https:\/\/holaestoyaqui.com\/en\/?page_id=3\" target=\"_blank\" rel=\"noopener\">pol\u00edtica de privacidad<\/a>.<\/p>\n<p><button id=\"place_order\" name=\"woocommerce_checkout_place_order\" type=\"submit\" value=\"Realizar el pedido\" data-value=\"Realizar el pedido\">Realizar el pedido<\/button><br \/>\n<input id=\"woocommerce-process-checkout-nonce\" name=\"woocommerce-process-checkout-nonce\" type=\"hidden\" value=\"5396e790e3\" \/><input name=\"_wp_http_referer\" type=\"hidden\" value=\"\/wp-admin\/admin-ajax.php\" \/><br \/>\n<!--close wc_order_review-2--><br \/>\n<!--close column-inner--><br \/>\n<!--close column-2--><br \/>\n<!--close container--><\/p>\n<input type=\"hidden\" name=\"trp-form-language\" value=\"en\"\/><\/form>","protected":false},"excerpt":{"rendered":"<p>Finalizar Compra &nbsp; Detalles de facturaci\u00f3n Nombre\u00a0* Apellido\u00a0* Nombre de la empresa\u00a0(opcional) Pa\u00eds \/ Regi\u00f3n\u00a0*Selecciona un pa\u00eds\/regi\u00f3n\u2026Afganist\u00e1nAlbaniaAlemaniaAndorraAngolaAnguillaAnt\u00e1rtidaAntigua y BarbudaArabia SauditaArgeliaArgentinaArmeniaArubaAustraliaAustriaAzerbaijanBahamasBahrainBangladeshBarbadosBelauB\u00e9lgicaBelizeBeninBermudaBhutanBielorrusiaBirmaniaBoliviaBonaire, San Eustaquio y SabaBosnia y HerzegovinaBotswanaBrasilBrun\u00e9iBulgariaBurkina FasoBurundiCabo VerdeCamboyaCamer\u00fanCanad\u00e1ChadChileChinaChipreCiudad del VaticanoColombiaComorasCongo (Brazzaville)Congo (Kinshasa)Corea del NorteCorea del SurCosta de MarfilCosta RicaCroaciaCubaCura\u00e7aoDinamarcaDjiboutiDominicaEcuadorEgiptoEl SalvadorEmiratos \u00c1rabes UnidosEritreaEslovaquiaEsloveniaEspa\u00f1aEstados Unidos (EEUU)EstoniaEswatiniEtiop\u00edaFilipinasFinlandiaFiyiFranciaGab\u00f3nGambiaGeorgiaGhanaGibraltarGranadaGreciaGroenlandiaGuadalupeGuamGuatemalaGuayana FrancesaGuernseyGuineaGuinea EcuatorialGuinea-Bis\u00e1uGuyanaHait\u00edHondurasHong KongHungr\u00edaIndiaIndonesiaIrakIr\u00e1nIrlandaIsla BouvetIsla de ManIsla de NavidadIsla NorfolkIsla Santa ElenaIslandiaIslas [&hellip;]<\/p>","protected":false},"author":2,"featured_media":0,"parent":271,"menu_order":0,"comment_status":"closed","ping_status":"closed","template":"","meta":{"footnotes":""},"class_list":["post-272","page","type-page","status-publish","hentry"],"_links":{"self":[{"href":"https:\/\/holaestoyaqui.com\/en\/wp-json\/wp\/v2\/pages\/272","targetHints":{"allow":["GET"]}}],"collection":[{"href":"https:\/\/holaestoyaqui.com\/en\/wp-json\/wp\/v2\/pages"}],"about":[{"href":"https:\/\/holaestoyaqui.com\/en\/wp-json\/wp\/v2\/types\/page"}],"author":[{"embeddable":true,"href":"https:\/\/holaestoyaqui.com\/en\/wp-json\/wp\/v2\/users\/2"}],"replies":[{"embeddable":true,"href":"https:\/\/holaestoyaqui.com\/en\/wp-json\/wp\/v2\/comments?post=272"}],"version-history":[{"count":53,"href":"https:\/\/holaestoyaqui.com\/en\/wp-json\/wp\/v2\/pages\/272\/revisions"}],"predecessor-version":[{"id":554,"href":"https:\/\/holaestoyaqui.com\/en\/wp-json\/wp\/v2\/pages\/272\/revisions\/554"}],"up":[{"embeddable":true,"href":"https:\/\/holaestoyaqui.com\/en\/wp-json\/wp\/v2\/pages\/271"}],"wp:attachment":[{"href":"https:\/\/holaestoyaqui.com\/en\/wp-json\/wp\/v2\/media?parent=272"}],"curies":[{"name":"wp","href":"https:\/\/api.w.org\/{rel}","templated":true}]}}